{"id":2501,"date":"2025-12-19T22:28:31","date_gmt":"2025-12-20T01:28:31","guid":{"rendered":"https:\/\/vanesareyes.com\/product\/educacion-emocional-para-nd\/"},"modified":"2025-12-19T22:28:31","modified_gmt":"2025-12-20T01:28:31","slug":"educacion-emocional-para-nd","status":"publish","type":"product","link":"https:\/\/vanesareyes.com\/en\/product\/educacion-emocional-para-nd\/","title":{"rendered":"Educaci\u00f3n Emocional para Neurodivergentes"},"content":{"rendered":"<p>Un programa dise\u00f1ado para personas neurodivergentes (o para quienes acompa\u00f1an su desarrollo) que buscan comprender sus emociones, regularlas sin invalidarse y construir estrategias reales para el d\u00eda a d\u00eda.<br \/>Nada de teor\u00eda vac\u00eda: ac\u00e1 trabajamos con ejemplos concretos, ejercicios simples, an\u00e1lisis de situaciones reales y pr\u00e1cticas que funcionan.<br \/>El objetivo es que cada participante pueda entender su propio estilo emocional, identificar sobrecargas sensoriales o cognitivas, y encontrar formas saludables de expresarse, comunicarse y cuidarse.<\/p>","protected":false},"excerpt":{"rendered":"<p>Un programa dise\u00f1ado para personas neurodivergentes (o para quienes acompa\u00f1an su desarrollo) que buscan comprender sus emociones, regularlas sin invalidarse y construir estrategias reales para el d\u00eda a d\u00eda.<\/p>","protected":false},"featured_media":2502,"comment_status":"open","ping_status":"closed","template":"","meta":{"_uag_custom_page_level_css":"","site-sidebar-layout":"default","site-content-layout":"","ast-site-content-layout":"default","site-content-style":"default","site-sidebar-style":"default","ast-global-header-display":"","ast-banner-title-visibility":"","ast-main-header-display":"","ast-hfb-above-header-display":"","ast-hfb-below-header-display":"","ast-hfb-mobile-header-display":"","site-post-title":"","ast-breadcrumbs-content":"","ast-featured-img":"","footer-sml-layout":"","ast-disable-related-posts":"","theme-transparent-header-meta":"default","adv-header-id-meta":"","stick-header-meta":"","header-above-stick-meta":"","header-main-stick-meta":"","header-below-stick-meta":"","astra-migrate-meta-layouts":"set","ast-page-background-enabled":"default","ast-page-background-meta":{"desktop":{"background-color":"","background-image":"","background-repeat":"repeat","background-position":"center center","background-size":"auto","background-attachment":"scroll","background-type":"","background-media":"","overlay-type":"","overlay-color":"","overlay-opacity":"","overlay-gradient":""},"tablet":{"background-color":"","background-image":"","background-repeat":"repeat","background-position":"center center","background-size":"auto","background-attachment":"scroll","background-type":"","background-media":"","overlay-type":"","overlay-color":"","overlay-opacity":"","overlay-gradient":""},"mobile":{"background-color":"","background-image":"","background-repeat":"repeat","background-position":"center center","background-size":"auto","background-attachment":"scroll","background-type":"","background-media":"","overlay-type":"","overlay-color":"","overlay-opacity":"","overlay-gradient":""}},"ast-content-background-meta":{"desktop":{"background-color":"var(--ast-global-color-5)","background-image":"","background-repeat":"repeat","background-position":"center center","background-size":"auto","background-attachment":"scroll","background-type":"","background-media":"","overlay-type":"","overlay-color":"","overlay-opacity":"","overlay-gradient":""},"tablet":{"background-color":"var(--ast-global-color-5)","background-image":"","background-repeat":"repeat","background-position":"center center","background-size":"auto","background-attachment":"scroll","background-type":"","background-media":"","overlay-type":"","overlay-color":"","overlay-opacity":"","overlay-gradient":""},"mobile":{"background-color":"var(--ast-global-color-5)","background-image":"","background-repeat":"repeat","background-position":"center center","background-size":"auto","background-attachment":"scroll","background-type":"","background-media":"","overlay-type":"","overlay-color":"","overlay-opacity":"","overlay-gradient":""}}},"product_brand":[],"product_cat":[39],"product_tag":[],"class_list":{"0":"post-2501","1":"product","2":"type-product","3":"status-publish","4":"has-post-thumbnail","6":"product_cat-neurodivergencia-4","7":"desktop-align-left","8":"tablet-align-left","9":"mobile-align-left","11":"first","12":"instock","13":"sale","14":"virtual","15":"purchasable","16":"product-type-simple"},"aioseo_notices":[],"uagb_featured_image_src":{"full":["https:\/\/vanesareyes.com\/wp-content\/uploads\/2025\/12\/2-1.jpg",1920,1080,false],"thumbnail":["https:\/\/vanesareyes.com\/wp-content\/uploads\/2025\/12\/2-1-150x150.jpg",150,150,true],"medium":["https:\/\/vanesareyes.com\/wp-content\/uploads\/2025\/12\/2-1-300x169.jpg",300,169,true],"medium_large":["https:\/\/vanesareyes.com\/wp-content\/uploads\/2025\/12\/2-1-768x432.jpg",768,432,true],"large":["https:\/\/vanesareyes.com\/wp-content\/uploads\/2025\/12\/2-1-1024x576.jpg",1024,576,true],"1536x1536":["https:\/\/vanesareyes.com\/wp-content\/uploads\/2025\/12\/2-1-1536x864.jpg",1536,864,true],"2048x2048":["https:\/\/vanesareyes.com\/wp-content\/uploads\/2025\/12\/2-1.jpg",1920,1080,false],"trp-custom-language-flag":["https:\/\/vanesareyes.com\/wp-content\/uploads\/2025\/12\/2-1-18x10.jpg",18,10,true],"woocommerce_thumbnail":["https:\/\/vanesareyes.com\/wp-content\/uploads\/2025\/12\/2-1-300x300.jpg",300,300,true],"woocommerce_single":["https:\/\/vanesareyes.com\/wp-content\/uploads\/2025\/12\/2-1-600x338.jpg",600,338,true],"woocommerce_gallery_thumbnail":["https:\/\/vanesareyes.com\/wp-content\/uploads\/2025\/12\/2-1-100x100.jpg",100,100,true]},"uagb_author_info":{"display_name":"Vanesa S. Reyes","author_link":"https:\/\/vanesareyes.com\/en\/author\/"},"uagb_comment_info":0,"uagb_excerpt":"Un programa dise\u00f1ado para personas neurodivergentes (o para quienes acompa\u00f1an su desarrollo) que buscan comprender sus emociones, regularlas sin invalidarse y construir estrategias reales para el d\u00eda a d\u00eda.","jetpack_sharing_enabled":true,"_links":{"self":[{"href":"https:\/\/vanesareyes.com\/en\/wp-json\/wp\/v2\/product\/2501","targetHints":{"allow":["GET"]}}],"collection":[{"href":"https:\/\/vanesareyes.com\/en\/wp-json\/wp\/v2\/product"}],"about":[{"href":"https:\/\/vanesareyes.com\/en\/wp-json\/wp\/v2\/types\/product"}],"replies":[{"embeddable":true,"href":"https:\/\/vanesareyes.com\/en\/wp-json\/wp\/v2\/comments?post=2501"}],"wp:featuredmedia":[{"embeddable":true,"href":"https:\/\/vanesareyes.com\/en\/wp-json\/wp\/v2\/media\/2502"}],"wp:attachment":[{"href":"https:\/\/vanesareyes.com\/en\/wp-json\/wp\/v2\/media?parent=2501"}],"wp:term":[{"taxonomy":"product_brand","embeddable":true,"href":"https:\/\/vanesareyes.com\/en\/wp-json\/wp\/v2\/product_brand?post=2501"},{"taxonomy":"product_cat","embeddable":true,"href":"https:\/\/vanesareyes.com\/en\/wp-json\/wp\/v2\/product_cat?post=2501"},{"taxonomy":"product_tag","embeddable":true,"href":"https:\/\/vanesareyes.com\/en\/wp-json\/wp\/v2\/product_tag?post=2501"}],"curies":[{"name":"wp","href":"https:\/\/api.w.org\/{rel}","templated":true}]}}