{"id":2448,"date":"2025-12-03T23:11:00","date_gmt":"2025-12-03T23:11:00","guid":{"rendered":"https:\/\/vanesareyes.com\/product\/montessoriadolescentes\/"},"modified":"2026-01-12T18:59:01","modified_gmt":"2026-01-12T21:59:01","slug":"montessoriadolescentes","status":"publish","type":"product","link":"https:\/\/vanesareyes.com\/en\/product\/montessoriadolescentes\/","title":{"rendered":"Gu\u00eda Montessori para adolescentes"},"content":{"rendered":"<p>\u00bfMontessori solo es para ni\u00f1os peque\u00f1os? \u00a1Para nada!<br \/>En este curso exploramos c\u00f3mo adaptar los principios del enfoque Montessori a la etapa adolescente, favoreciendo la autonom\u00eda, el pensamiento cr\u00edtico y el desarrollo personal.<\/p>\n<p>\u2705 Abordamos temas como:<\/p>\n<ul>\n<li>\n<p>El rol del adulto en la adolescencia<\/p>\n<\/li>\n<li>\n<p>El ambiente preparado m\u00e1s all\u00e1 del aula<\/p>\n<\/li>\n<li>\n<p>C\u00f3mo acompa\u00f1ar sin invadir<\/p>\n<\/li>\n<li>\n<p>Materiales y proyectos significativos<\/p>\n<\/li>\n<\/ul>\n<p>Este curso est\u00e1 pensado tanto para familias homeschoolers como para docentes que deseen incorporar pr\u00e1cticas montessorianas en la educaci\u00f3n secundaria.<\/p>\n<p>\ud83e\udde0 Inspirado en la neuroeducaci\u00f3n y en el respeto profundo por el desarrollo humano.<\/p>","protected":false},"excerpt":{"rendered":"<p>\u00bfMontessori solo es para ni\u00f1os peque\u00f1os? \u00a1Para nada!En este curso exploramos c\u00f3mo adaptar los principios del enfoque Montessori a la etapa adolescente, favoreciendo la autonom\u00eda, el pensamiento cr\u00edtico y el desarrollo personal. \u2705 Abordamos temas como: El rol del adulto en la adolescencia El ambiente preparado m\u00e1s all\u00e1 del aula C\u00f3mo acompa\u00f1ar sin invadir Materiales [&hellip;]<\/p>\n","protected":false},"featured_media":0,"comment_status":"open","ping_status":"closed","template":"","meta":{"_uag_custom_page_level_css":"","site-sidebar-layout":"default","site-content-layout":"","ast-site-content-layout":"default","site-content-style":"default","site-sidebar-style":"default","ast-global-header-display":"","ast-banner-title-visibility":"","ast-main-header-display":"","ast-hfb-above-header-display":"","ast-hfb-below-header-display":"","ast-hfb-mobile-header-display":"","site-post-title":"","ast-breadcrumbs-content":"","ast-featured-img":"","footer-sml-layout":"","ast-disable-related-posts":"","theme-transparent-header-meta":"","adv-header-id-meta":"","stick-header-meta":"","header-above-stick-meta":"","header-main-stick-meta":"","header-below-stick-meta":"","astra-migrate-meta-layouts":"default","ast-page-background-enabled":"default","ast-page-background-meta":{"desktop":{"background-color":"","background-image":"","background-repeat":"repeat","background-position":"center center","background-size":"auto","background-attachment":"scroll","background-type":"","background-media":"","overlay-type":"","overlay-color":"","overlay-opacity":"","overlay-gradient":""},"tablet":{"background-color":"","background-image":"","background-repeat":"repeat","background-position":"center center","background-size":"auto","background-attachment":"scroll","background-type":"","background-media":"","overlay-type":"","overlay-color":"","overlay-opacity":"","overlay-gradient":""},"mobile":{"background-color":"","background-image":"","background-repeat":"repeat","background-position":"center center","background-size":"auto","background-attachment":"scroll","background-type":"","background-media":"","overlay-type":"","overlay-color":"","overlay-opacity":"","overlay-gradient":""}},"ast-content-background-meta":{"desktop":{"background-color":"var(--ast-global-color-5)","background-image":"","background-repeat":"repeat","background-position":"center center","background-size":"auto","background-attachment":"scroll","background-type":"","background-media":"","overlay-type":"","overlay-color":"","overlay-opacity":"","overlay-gradient":""},"tablet":{"background-color":"var(--ast-global-color-5)","background-image":"","background-repeat":"repeat","background-position":"center center","background-size":"auto","background-attachment":"scroll","background-type":"","background-media":"","overlay-type":"","overlay-color":"","overlay-opacity":"","overlay-gradient":""},"mobile":{"background-color":"var(--ast-global-color-5)","background-image":"","background-repeat":"repeat","background-position":"center center","background-size":"auto","background-attachment":"scroll","background-type":"","background-media":"","overlay-type":"","overlay-color":"","overlay-opacity":"","overlay-gradient":""}}},"product_brand":[],"product_cat":[36],"product_tag":[],"class_list":{"0":"post-2448","1":"product","2":"type-product","3":"status-publish","5":"product_cat-montessori-2","6":"desktop-align-left","7":"tablet-align-left","8":"mobile-align-left","10":"first","11":"instock","12":"virtual","13":"product-type-simple"},"aioseo_notices":[],"uagb_featured_image_src":{"full":false,"thumbnail":false,"medium":false,"medium_large":false,"large":false,"1536x1536":false,"2048x2048":false,"trp-custom-language-flag":false,"woocommerce_thumbnail":false,"woocommerce_single":false,"woocommerce_gallery_thumbnail":false},"uagb_author_info":{"display_name":"Vanesa S. Reyes","author_link":"https:\/\/vanesareyes.com\/en\/author\/"},"uagb_comment_info":0,"uagb_excerpt":"\u00bfMontessori solo es para ni\u00f1os peque\u00f1os? \u00a1Para nada!En este curso exploramos c\u00f3mo adaptar los principios del enfoque Montessori a la etapa adolescente, favoreciendo la autonom\u00eda, el pensamiento cr\u00edtico y el desarrollo personal. \u2705 Abordamos temas como: El rol del adulto en la adolescencia El ambiente preparado m\u00e1s all\u00e1 del aula C\u00f3mo acompa\u00f1ar sin invadir Materiales&hellip;","jetpack_sharing_enabled":true,"_links":{"self":[{"href":"https:\/\/vanesareyes.com\/en\/wp-json\/wp\/v2\/product\/2448","targetHints":{"allow":["GET"]}}],"collection":[{"href":"https:\/\/vanesareyes.com\/en\/wp-json\/wp\/v2\/product"}],"about":[{"href":"https:\/\/vanesareyes.com\/en\/wp-json\/wp\/v2\/types\/product"}],"replies":[{"embeddable":true,"href":"https:\/\/vanesareyes.com\/en\/wp-json\/wp\/v2\/comments?post=2448"}],"wp:attachment":[{"href":"https:\/\/vanesareyes.com\/en\/wp-json\/wp\/v2\/media?parent=2448"}],"wp:term":[{"taxonomy":"product_brand","embeddable":true,"href":"https:\/\/vanesareyes.com\/en\/wp-json\/wp\/v2\/product_brand?post=2448"},{"taxonomy":"product_cat","embeddable":true,"href":"https:\/\/vanesareyes.com\/en\/wp-json\/wp\/v2\/product_cat?post=2448"},{"taxonomy":"product_tag","embeddable":true,"href":"https:\/\/vanesareyes.com\/en\/wp-json\/wp\/v2\/product_tag?post=2448"}],"curies":[{"name":"wp","href":"https:\/\/api.w.org\/{rel}","templated":true}]}}